{"id":164,"date":"2014-12-03T13:08:42","date_gmt":"2014-12-03T13:08:42","guid":{"rendered":"http:\/\/frank.reblgestaltungen.eu\/?page_id=164"},"modified":"2020-09-18T10:08:31","modified_gmt":"2020-09-18T10:08:31","slug":"home-2","status":"publish","type":"page","link":"http:\/\/frank.reblgestaltungen.eu\/","title":{"rendered":"Home"},"content":{"rendered":"<section class=\"l-section wpb_row height_medium full_height valign_top with_img\"><div class=\"l-section-img\" role=\"img\" aria-label=\"Bild\" data-img-width=\"5184\" data-img-height=\"3456\" style=\"background-image: url(http:\/\/frank.reblgestaltungen.eu\/wp-content\/uploads\/2019\/03\/IMG_3031.jpg);background-repeat: no-repeat;\"><\/div><div class=\"l-section-h i-cf\"><div class=\"g-cols vc_row via_grid cols_2 laptops-cols_inherit tablets-cols_inherit mobiles-cols_1 valign_top type_default stacking_default\"><div class=\"wpb_column vc_column_container us_custom_36a4838d\"><div class=\"vc_column-inner\"><div class=\"w-separator size_custom\" style=\"height:150px\"><\/div><div class=\"w-image align_none\"><div class=\"w-image-h\"><img decoding=\"async\" width=\"391\" height=\"60\" src=\"http:\/\/frank.reblgestaltungen.eu\/wp-content\/uploads\/2020\/01\/Logo-dunkel-300.png\" class=\"attachment-us_600_400_crop size-us_600_400_crop\" alt=\"\" loading=\"lazy\" srcset=\"http:\/\/frank.reblgestaltungen.eu\/wp-content\/uploads\/2020\/01\/Logo-dunkel-300.png 391w, http:\/\/frank.reblgestaltungen.eu\/wp-content\/uploads\/2020\/01\/Logo-dunkel-300-300x46.png 300w\" sizes=\"auto, (max-width: 391px) 100vw, 391px\" \/><\/div><\/div>[vc_custom_heading text=&#8220;Wandgestaltung. Grafik. Malerei.&#8220; font_container=&#8220;tag:h2|font_size:30px|text_align:left|color:%232d2d2d&#8220; google_fonts=&#8220;font_family:Noticia%20Text%3Aregular%2Citalic%2C700%2C700italic|font_style:400%20regular%3A400%3Anormal&#8220; css=&#8220;%7B%22default%22%3A%7B%22color%22%3A%22%232d2d2d%22%2C%22font-size%22%3A%2230px%22%7D%7D&#8220;]<div class=\"w-iconbox iconpos_left style_default color_custom align_left no_text\"><div class=\"w-iconbox-icon\" style=\"font-size:25px;--icon-color:#e2e2e2;--icon-bg-color:#2b2b2b;\"><i class=\"fas fa-arrow-circle-right\"><\/i><\/div><div class=\"w-iconbox-meta\"><h6 class=\"w-iconbox-title\" style=\"font-size:15;\">Individuelle Oberfl\u00e4chentechniken f\u00fcr die Wand &amp; Bodengestaltung<\/h6><\/div><\/div><div class=\"w-separator size_custom\" style=\"height:10px\"><\/div><div class=\"w-iconbox iconpos_left style_default color_custom align_left no_text\"><div class=\"w-iconbox-icon\" style=\"font-size:25px;--icon-color:#e2e2e2;--icon-bg-color:#2b2b2b;\"><i class=\"fas fa-arrow-circle-right\"><\/i><\/div><div class=\"w-iconbox-meta\"><h6 class=\"w-iconbox-title\" style=\"font-size:15;\">Grafik &amp; Werbetechnik<\/h6><\/div><\/div><div class=\"w-separator size_custom\" style=\"height:10px\"><\/div><div class=\"w-iconbox iconpos_left style_default color_custom align_left no_text\"><div class=\"w-iconbox-icon\" style=\"font-size:25px;--icon-color:#e2e2e2;--icon-bg-color:#2b2b2b;\"><i class=\"fas fa-arrow-circle-right\"><\/i><\/div><div class=\"w-iconbox-meta\"><h6 class=\"w-iconbox-title\" style=\"font-size:15;\">Malerei, DigitArt &amp; Fotografie<\/h6><\/div><\/div><\/div><\/div><div class=\"wpb_column vc_column_container\"><div class=\"vc_column-inner\"><\/div><\/div><\/div><\/div><\/section><section class=\"l-section wpb_row height_huge width_full color_secondary with_img parallax_ver\"><div class=\"l-section-img\" role=\"img\" aria-label=\"Bild\" data-img-width=\"800\" data-img-height=\"800\" style=\"background-image: url(http:\/\/frank.reblgestaltungen.eu\/wp-content\/uploads\/2014\/12\/Mixmedia1.jpg);\"><\/div><div class=\"l-section-overlay\" style=\"background:rgba(0,0,0,0.7)\"><\/div><div class=\"l-section-h i-cf\"><div class=\"g-cols vc_row via_grid cols_3 laptops-cols_inherit tablets-cols_inherit mobiles-cols_1 valign_top type_default stacking_default\"><div class=\"wpb_column vc_column_container\"><div class=\"vc_column-inner\"><div class=\"w-iconbox iconpos_top style_outlined color_primary align_center\"><div class=\"w-iconbox-icon\" style=\"font-size:2rem;\"><i class=\"fas fa-star\"><\/i><\/div><div class=\"w-iconbox-meta\"><h4 class=\"w-iconbox-title\">RAUMGESTALTUNG<\/h4><div class=\"w-iconbox-text\"><p>Individuelle Oberfl\u00e4chentechniken f\u00fcr<br \/>\ndie Wand &amp; Bodengestaltung<\/p>\n<\/div><\/div><\/div><\/div><\/div><div class=\"wpb_column vc_column_container\"><div class=\"vc_column-inner\"><div class=\"w-iconbox iconpos_top style_outlined color_primary align_center\"><div class=\"w-iconbox-icon\" style=\"font-size:2rem;\"><i class=\"fas fa-star\"><\/i><\/div><div class=\"w-iconbox-meta\"><h4 class=\"w-iconbox-title\">MALEREI<\/h4><div class=\"w-iconbox-text\"><p>Farbe &amp; Struktur<br \/>\nDigitalArt &amp; Fotografie<\/p>\n<\/div><\/div><\/div><\/div><\/div><div class=\"wpb_column vc_column_container\"><div class=\"vc_column-inner\"><div class=\"w-iconbox iconpos_top style_outlined color_primary align_center\"><div class=\"w-iconbox-icon\" style=\"font-size:2rem;\"><i class=\"fas fa-star\"><\/i><\/div><div class=\"w-iconbox-meta\"><h4 class=\"w-iconbox-title\">WERBETECHNIK<\/h4><div class=\"w-iconbox-text\"><p>Werbetechnik &amp; Grafik<\/p>\n<\/div><\/div><\/div><\/div><\/div><\/div><\/div><\/section><section class=\"l-section wpb_row height_medium full_height valign_top with_img parallax_ver\"><div class=\"l-section-img\" role=\"img\" aria-label=\"beton\" data-img-width=\"1500\" data-img-height=\"1000\" style=\"background-image: url(http:\/\/frank.reblgestaltungen.eu\/wp-content\/uploads\/2019\/03\/IMG_3105-e1556444172763.jpg);background-repeat: no-repeat;\"><\/div><div class=\"l-section-h i-cf\"><div class=\"g-cols vc_row via_grid cols_2-1 laptops-cols_inherit tablets-cols_inherit mobiles-cols_1 valign_top type_default stacking_default\"><div class=\"wpb_column vc_column_container\"><div class=\"vc_column-inner\"><div class=\"w-separator size_custom\" style=\"height:250px\"><\/div><div class=\"wpb_text_column\"><div class=\"wpb_wrapper\"><h2><a href=\"http:\/\/frank.reblgestaltungen.eu\/?page_id=678\" target=\"_blank\" rel=\"noopener noreferrer\">RAUMGESTALTUNG<\/a><\/h2>\n<ul>\n<li>\n<h3>Individuelle Stilwelten. Elegant Ausstrahlung oder extravaganter Blickfang.<\/h3>\n<\/li>\n<li>\n<h3>Fugenlose B\u00e4der. Fugenlose B\u00f6den. Nat\u00fcrliche Oberfl\u00e4chen<\/h3>\n<\/li>\n<li>\n<h3>Handwerklich gestaltete Oberfl\u00e4chen. Optisch anspruchsvolle W\u00e4nde<\/h3>\n<\/li>\n<\/ul>\n<\/div><\/div><\/div><\/div><div class=\"wpb_column vc_column_container\"><div class=\"vc_column-inner\"><\/div><\/div><\/div><\/div><\/section><section class=\"l-section wpb_row height_medium full_height valign_top with_img parallax_ver\"><div class=\"l-section-img\" role=\"img\" aria-label=\"Bild\" data-img-width=\"1993\" data-img-height=\"2000\" style=\"background-image: url(http:\/\/frank.reblgestaltungen.eu\/wp-content\/uploads\/2014\/12\/Sonnenglut.jpg);background-repeat: no-repeat;\"><\/div><div class=\"l-section-h i-cf\"><div class=\"g-cols vc_row via_grid cols_2-1 laptops-cols_inherit tablets-cols_inherit mobiles-cols_1 valign_top type_default stacking_default\"><div class=\"wpb_column vc_column_container\"><div class=\"vc_column-inner\"><div class=\"w-separator size_custom\" style=\"height:250px\"><\/div><div class=\"wpb_text_column us_custom_436b2741\"><div class=\"wpb_wrapper\"><h2><a href=\"http:\/\/frank.reblgestaltungen.eu\/?page_id=646\" target=\"_blank\" rel=\"noopener noreferrer\">MALEREI &amp; DigitalArt<\/a><\/h2>\n<ul>\n<li>\n<h3>HandArt. Abstrakte Malerei. Farbe &amp; Struktur<\/h3>\n<\/li>\n<li>\n<h3>DigitalArt. Fotografie &amp; Bildbearbeitung<\/h3>\n<\/li>\n<li>\n<h3>Farbe Mobil. Raumoptimierung durch Bildkonzepte<\/h3>\n<\/li>\n<\/ul>\n<\/div><\/div><\/div><\/div><div class=\"wpb_column vc_column_container\"><div class=\"vc_column-inner\"><\/div><\/div><\/div><\/div><\/section><section class=\"l-section wpb_row height_medium full_height valign_top with_img parallax_ver\"><div class=\"l-section-img\" role=\"img\" aria-label=\"Bild\" data-img-width=\"800\" data-img-height=\"600\" style=\"background-image: url(http:\/\/frank.reblgestaltungen.eu\/wp-content\/uploads\/2014\/12\/PICT00091.jpg);background-repeat: no-repeat;\"><\/div><div class=\"l-section-h i-cf\"><div class=\"g-cols vc_row via_grid cols_2-1 laptops-cols_inherit tablets-cols_inherit mobiles-cols_1 valign_top type_default stacking_default\"><div class=\"wpb_column vc_column_container\"><div class=\"vc_column-inner\"><div class=\"w-separator size_custom\" style=\"height:250px\"><\/div><div class=\"wpb_text_column us_custom_436b2741\"><div class=\"wpb_wrapper\"><h2><a href=\"http:\/\/frank.reblgestaltungen.eu\/?page_id=722\" target=\"_blank\" rel=\"noopener noreferrer\">GRAFIK &amp; WERBETECHNIK<\/a><\/h2>\n<ul>\n<li>\n<h3>Firmenwerbung<\/h3>\n<\/li>\n<li>\n<h3>Fahrzeugbeschriftungen<\/h3>\n<\/li>\n<li>\n<h3>Beschilderungen &amp; Fassadenbeschriftungen<\/h3>\n<\/li>\n<\/ul>\n<\/div><\/div><\/div><\/div><div class=\"wpb_column vc_column_container\"><div class=\"vc_column-inner\"><\/div><\/div><\/div><\/div><\/section>\n","protected":false},"excerpt":{"rendered":"[vc_custom_heading text=\"Wandgestaltung. Grafik. Malerei.\" font_container=\"tag:h2|font_size:30px|text_align:left|color:%232d2d2d\" google_fonts=\"font_family:Noticia%20Text%3Aregular%2Citalic%2C700%2C700italic|font_style:400%20regular%3A400%3Anormal\" css=\"%7B%22default%22%3A%7B%22color%22%3A%22%232d2d2d%22%2C%22font-size%22%3A%2230px%22%7D%7D\"]Individuelle Oberfl\u00e4chentechniken f\u00fcr die Wand &amp; BodengestaltungGrafik &amp; WerbetechnikMalerei, DigitArt &amp; FotografieRAUMGESTALTUNGIndividuelle Oberfl\u00e4chentechniken f\u00fcr die Wand &amp; Bodengestaltung MALEREIFarbe &amp; Struktur DigitalArt &amp; Fotografie WERBETECHNIKWerbetechnik &amp; Grafik RAUMGESTALTUNG Individuelle Stilwelten. Elegant Ausstrahlung oder extravaganter Blickfang. Fugenlose B\u00e4der. Fugenlose B\u00f6den. Nat\u00fcrliche Oberfl\u00e4chen Handwerklich gestaltete Oberfl\u00e4chen. Optisch anspruchsvolle W\u00e4nde MALEREI &amp; DigitalArt HandArt. Abstrakte Malerei. Farbe &amp; Struktur DigitalArt. Fotografie &amp; Bildbearbeitung Farbe Mobil. Raumoptimierung durch Bildkonzepte GRAFIK &amp; WERBETECHNIK Firmenwerbung Fahrzeugbeschriftungen Beschilderungen &amp; Fassadenbeschriftungen","protected":false},"author":1,"featured_media":0,"parent":0,"menu_order":0,"comment_status":"closed","ping_status":"open","template":"","meta":{"_exactmetrics_skip_tracking":false,"_exactmetrics_sitenote_active":false,"_exactmetrics_sitenote_note":"","_exactmetrics_sitenote_category":0,"footnotes":""},"class_list":["post-164","page","type-page","status-publish","hentry"],"aioseo_notices":[],"_links":{"self":[{"href":"http:\/\/frank.reblgestaltungen.eu\/index.php?rest_route=\/wp\/v2\/pages\/164","targetHints":{"allow":["GET"]}}],"collection":[{"href":"http:\/\/frank.reblgestaltungen.eu\/index.php?rest_route=\/wp\/v2\/pages"}],"about":[{"href":"http:\/\/frank.reblgestaltungen.eu\/index.php?rest_route=\/wp\/v2\/types\/page"}],"author":[{"embeddable":true,"href":"http:\/\/frank.reblgestaltungen.eu\/index.php?rest_route=\/wp\/v2\/users\/1"}],"replies":[{"embeddable":true,"href":"http:\/\/frank.reblgestaltungen.eu\/index.php?rest_route=%2Fwp%2Fv2%2Fcomments&post=164"}],"version-history":[{"count":70,"href":"http:\/\/frank.reblgestaltungen.eu\/index.php?rest_route=\/wp\/v2\/pages\/164\/revisions"}],"predecessor-version":[{"id":6987,"href":"http:\/\/frank.reblgestaltungen.eu\/index.php?rest_route=\/wp\/v2\/pages\/164\/revisions\/6987"}],"wp:attachment":[{"href":"http:\/\/frank.reblgestaltungen.eu\/index.php?rest_route=%2Fwp%2Fv2%2Fmedia&parent=164"}],"curies":[{"name":"wp","href":"https:\/\/api.w.org\/{rel}","templated":true}]}}