{"id":678,"date":"2015-02-11T14:34:19","date_gmt":"2015-02-11T14:34:19","guid":{"rendered":"http:\/\/frank.reblgestaltungen.eu\/?page_id=678"},"modified":"2020-09-18T10:08:31","modified_gmt":"2020-09-18T10:08:31","slug":"raumgestaltung","status":"publish","type":"page","link":"http:\/\/frank.reblgestaltungen.eu\/?page_id=678","title":{"rendered":"RAUMGESTALTUNG"},"content":{"rendered":"<section class=\"l-section wpb_row us_custom_e11ab399 height_medium full_height valign_top with_img\"><div class=\"l-section-img\" role=\"img\" aria-label=\"Bild\" data-img-width=\"1500\" data-img-height=\"1000\" style=\"background-image: url(http:\/\/frank.reblgestaltungen.eu\/wp-content\/uploads\/2019\/03\/IMG_3107-e1556450592725.jpg);background-repeat: no-repeat;\"><\/div><div class=\"l-section-overlay\" style=\"background:rgba(43,23,9,0.37)\"><\/div><div class=\"l-section-h i-cf\"><div class=\"g-cols vc_row via_grid cols_2-1 laptops-cols_inherit tablets-cols_inherit mobiles-cols_1 valign_middle type_default stacking_default\"><div class=\"wpb_column vc_column_container\"><div class=\"vc_column-inner\"><div class=\"w-separator size_custom\" style=\"height:120px\"><\/div>[vc_custom_heading text=&#8220;RAUMGESTALTUNG&#8220; google_fonts=&#8220;font_family:Noticia%20Text%3Aregular%2Citalic%2C700%2C700italic|font_style:700%20bold%20regular%3A700%3Anormal&#8220;]<div class=\"wpb_text_column\"><div class=\"wpb_wrapper\"><h4>Individuelle Wand und Bodengestaltung<br \/>\nF\u00fcr Privat-und Gesch\u00e4ftsr\u00e4ume<\/h4>\n<h6>Wandgestaltung mit Farbe und Struktur \u2013 die M\u00f6glichkeiten f\u00fcr<br \/>\ndie Wandgestaltung in den eigenen vier W\u00e4nden sind nahezu<br \/>\nunendlich. Mit der passenden Wandgestaltung kann in jedem<br \/>\nRaum eine ganz besondere, individuelle Atmosph\u00e4re geschaffen<br \/>\nwerden. Farben, Putze und andere Gestaltungsmittel \u2013 kaum etwas<br \/>\nvermag den Charakter eines Raumes derart zu ver\u00e4ndern.<br \/>\nIch arbeite mit den verschiedensten Techniken und Materialien f\u00fcr<br \/>\ndie Wand und Bodengestaltung und kann Sie dabei unterst\u00fctzen<br \/>\nIhre R\u00e4ume individuell zu gestalten.<\/h6>\n<\/div><\/div><\/div><\/div><div class=\"wpb_column vc_column_container\"><div class=\"vc_column-inner\"><div class=\"w-separator size_custom\" style=\"height:250px\"><\/div><div class=\"wpb_text_column\"><div class=\"wpb_wrapper\"><ul>\n<li>\n<h4>Lasurtechniken<\/h4>\n<\/li>\n<li>\n<h4>Putz &amp; Spachteltechniken<\/h4>\n<\/li>\n<li>\n<h4>Kalkgl\u00e4ttetechniken<\/h4>\n<\/li>\n<li>\n<h4>Decorspachtelb\u00f6den<\/h4>\n<\/li>\n<li>\n<h4>Fugenlose Badgestaltung<\/h4>\n<\/li>\n<li>\n<h4>Fugenlose Bodengestaltung<\/h4>\n<\/li>\n<\/ul>\n<\/div><\/div><div class=\"w-separator size_custom\" style=\"height:32px\"><\/div>\n\t\t\t<div class=\"ult_dual_button  ult-adjust-bottom-margin to-right  \"  data-response=\"on\" id=\"ult_btn_4065936562\">\n\n\t\t\t<div id=\"dualbtn-3355\" class=\"ulitmate_dual_buttons ult-dual-btn ult_main_dualbtn \" data-bcolor=\"#562913\"data-bhcolor=\"\">\n\n\t\t\t<div class=\"ult_dualbutton-wrapper btn-inline place-template bt1 \"><a href=\"http:\/\/frank.reblgestaltungen.eu\/?page_id=209\" title=\"GALERIE\" target=\"_blank\" rel=\"noopener\"  class=\"ult_ivan_button round-square with-icon icon-before with-text place-template ult_dual1\" style=\";margin-right:px;;background-color:#ffffff !important;; border-color:#562913;border-style:solid;border-width:1px;border-radius:4px;;\">\n\t\t\t<span class=\"ult-dual-btn-1 Style 1\" style=\"\"  data-bgcolor=\"#ffffff\" data-bghovercolor=\"#bcbcbc\" data-icon_color=\"#333333\" data-icon_hover_color=\"#333333\" data-textcolor=\"#333333\" data-texthovercolor=\"#333333\" data-iconbgcolor=\"transperent\" data-iconbghovercolor=\"transperent\" data-iconborder=\"transperent\" data-iconhoverborder=\"transperent\" >\n\t\t\t<span class=\"icon-simple icon-left1 ult_btn1span ult-dual-btn-no-icon\"  style=\";padding-left:0px; \"><\/span>\n\t\t\t<span class=\"text-btn ult-dual-button-title ult-responsive\"  data-ultimate-target='#dualbtn-3355 .ult-dual-button-title'  data-responsive-json-new='{\"font-size\":\"desktop:15px;\",\"line-height\":\"desktop:15px;\"}'  style=\"font-weight:normal;color:#333333;\">GALERIE<\/span>\n\n\t\t\t<\/span>\n\t\t\t<\/a><span class=\"middle-text\" style=\"line-height: 1.8em;color:#ffffff;background-color:#333333;border-width:0px;\">\n\t\t\t<span class=\"middle-inner\"  >or<\/span>\n\t\t\t<\/span>\n\n\t\t\t<\/div>\n\n\t\t\t<div class=\"ult_dualbutton-wrapper btn-inline place-template btn2 \"><a href=\"http:\/\/frank.reblgestaltungen.eu\/?page_id=209\"  class=\"ult_ivan_button round-square with-icon icon-after with-text place-template ult_dual2\"  style=\";background-color:#ffffff !important;;margin-left:px;;border-color:#562913;border-style:solid;border-width:1px;border-radius:4px;\">\n\t\t\t<span class=\"ult-dual-btn-2 Style 1\"  data-bgcolor=\"#ffffff\" data-bghovercolor=\"#bcbcbc\" data-icon_color=\"#333333\" data-icon_hover_color=\"#333333\" data-textcolor=\"#333333\" data-texthovercolor=\"#333333\" data-iconbgcolor=\"transperent\" data-iconbghovercolor=\"transperent\" data-iconborder=\"transperent\" data-iconhoverborder=\"transperent\" >\n\t\t\t<span class=\"text-btn ult-dual-button-title\" style=\"font-weight:normal;color:#333333;\"><\/span>\n\n\t\t\t<span class=\"icon-simple icon-right2 ult_btn1span \"  style=\"; \">\n<span class=\"aio-icon btn1icon none \"  style=\"color:#333333;font-size:32px;display:inline-block;\">\n\t<i class=\"Defaults-paper-plane send\" ><\/i>\n<\/span><\/span>\n\t\t\t<\/span>\n\t\t\t<\/a><\/div>\n\t\t\t<\/div>\n\t\t\t<\/div><\/div><\/div><\/div><\/div><\/section>\n","protected":false},"excerpt":{"rendered":"[vc_custom_heading text=\"RAUMGESTALTUNG\" google_fonts=\"font_family:Noticia%20Text%3Aregular%2Citalic%2C700%2C700italic|font_style:700%20bold%20regular%3A700%3Anormal\"]Individuelle Wand und Bodengestaltung F\u00fcr Privat-und Gesch\u00e4ftsr\u00e4ume Wandgestaltung mit Farbe und Struktur \u2013 die M\u00f6glichkeiten f\u00fcr die Wandgestaltung in den eigenen vier W\u00e4nden sind nahezu unendlich. Mit der passenden Wandgestaltung kann in jedem Raum eine ganz besondere, individuelle Atmosph\u00e4re geschaffen werden. Farben, Putze und andere Gestaltungsmittel \u2013 kaum etwas vermag den Charakter eines Raumes derart zu ver\u00e4ndern. Ich arbeite mit den verschiedensten Techniken und Materialien f\u00fcr die Wand und Bodengestaltung und kann Sie dabei unterst\u00fctzen Ihre R\u00e4ume individuell zu gestalten. Lasurtechniken Putz &amp; Spachteltechniken Kalkgl\u00e4ttetechniken Decorspachtelb\u00f6den Fugenlose Badgestaltung Fugenlose Bodengestaltung GALERIE or","protected":false},"author":1,"featured_media":0,"parent":0,"menu_order":0,"comment_status":"closed","ping_status":"open","template":"","meta":{"_exactmetrics_skip_tracking":false,"_exactmetrics_sitenote_active":false,"_exactmetrics_sitenote_note":"","_exactmetrics_sitenote_category":0,"footnotes":""},"class_list":["post-678","page","type-page","status-publish","hentry"],"aioseo_notices":[],"_links":{"self":[{"href":"http:\/\/frank.reblgestaltungen.eu\/index.php?rest_route=\/wp\/v2\/pages\/678","targetHints":{"allow":["GET"]}}],"collection":[{"href":"http:\/\/frank.reblgestaltungen.eu\/index.php?rest_route=\/wp\/v2\/pages"}],"about":[{"href":"http:\/\/frank.reblgestaltungen.eu\/index.php?rest_route=\/wp\/v2\/types\/page"}],"author":[{"embeddable":true,"href":"http:\/\/frank.reblgestaltungen.eu\/index.php?rest_route=\/wp\/v2\/users\/1"}],"replies":[{"embeddable":true,"href":"http:\/\/frank.reblgestaltungen.eu\/index.php?rest_route=%2Fwp%2Fv2%2Fcomments&post=678"}],"version-history":[{"count":13,"href":"http:\/\/frank.reblgestaltungen.eu\/index.php?rest_route=\/wp\/v2\/pages\/678\/revisions"}],"predecessor-version":[{"id":6629,"href":"http:\/\/frank.reblgestaltungen.eu\/index.php?rest_route=\/wp\/v2\/pages\/678\/revisions\/6629"}],"wp:attachment":[{"href":"http:\/\/frank.reblgestaltungen.eu\/index.php?rest_route=%2Fwp%2Fv2%2Fmedia&parent=678"}],"curies":[{"name":"wp","href":"https:\/\/api.w.org\/{rel}","templated":true}]}}